{"id":24,"date":"2018-10-08T09:35:03","date_gmt":"2018-10-08T07:35:03","guid":{"rendered":"https:\/\/wp.cultura.webs.upv.es\/?page_id=24"},"modified":"2024-11-19T08:52:25","modified_gmt":"2024-11-19T08:52:25","slug":"actividades","status":"publish","type":"page","link":"https:\/\/catunescoforum.upv.es\/?page_id=24","title":{"rendered":"Actividades"},"content":{"rendered":"<div id=\"pl-24\"  class=\"panel-layout\" ><div id=\"pg-24-0\"  class=\"panel-grid panel-has-style\" ><div class=\"panel-row-style panel-row-style-for-24-0\" ><div id=\"pgc-24-0-0\"  class=\"panel-grid-cell panel-grid-cell-empty\" ><\/div><div id=\"pgc-24-0-1\"  class=\"panel-grid-cell\" ><div id=\"panel-24-0-1-0\" class=\"so-panel widget widget_text panel-first-child panel-last-child\" data-index=\"0\" >\t\t\t<div class=\"textwidget\"><p>La <strong>C\u00e1tedra UNESCO <em>Forum Universidad y Patrimonio Cultural<\/em><\/strong> organiza <b>actividades<\/b> peri\u00f3dicamente cuyo objetivo esencial es el de la <strong>conservaci\u00f3n,<\/strong> <strong>recuperaci\u00f3n y divulgaci\u00f3n de nuestro Patrimonio Cultural material e inmaterial<\/strong>. <strong>\u00a1\u00a1\u00a1Os esperamos!!!<\/strong><\/p>\n<p>&nbsp;<\/p>\n<p>&nbsp;<\/p>\n<p>En el marco de la Red FUUP se han llevado a cabo numerosos talleres, exposiciones, publicaciones, cursos y proyectos, especialmente los congresos internacionales con la participaci\u00f3n de especialistas en patrimonio de todo el mundo y el compromiso de las universidades a trav\u00e9s de acuerdos o convenios institucionales.<\/p>\n<p>La C\u00e1tedra UNESCO Forum Universidad y Patrimonio expresa el compromiso de la UPV de seguir contribuyendo a la preservaci\u00f3n y valorizaci\u00f3n del patrimonio mediante la cooperaci\u00f3n entre universidades y la promoci\u00f3n del crecimiento y el intercambio de informaci\u00f3n en la Red FUUP, coordinada en colaboraci\u00f3n con el\u00a0<a href=\"https:\/\/whc.unesco.org\/es\/list\/\" target=\"_blank\" rel=\"noopener\">Centro del Patrimonio Mundial de la UNESCO (WHC)<\/a>. La red cuenta actualmente con m\u00e1s de<b>\u00a03.000 miembros de 130 pa\u00edses<\/b>.<\/p>\n<\/div>\n\t\t<\/div><\/div><\/div><\/div><div id=\"pg-24-1\"  class=\"panel-grid panel-has-style\" ><div class=\"panel-row-style panel-row-style-for-24-1\" ><div id=\"pgc-24-1-0\"  class=\"panel-grid-cell panel-grid-cell-empty\" ><\/div><div id=\"pgc-24-1-1\"  class=\"panel-grid-cell\" ><div id=\"panel-24-1-1-0\" class=\"so-panel widget widget_media_image panel-first-child\" data-index=\"1\" ><img loading=\"lazy\" decoding=\"async\" width=\"850\" height=\"478\" src=\"https:\/\/catunescoforum.upv.es\/wp-content\/uploads\/2023\/05\/Cursos-ca\u0301tedra-02-850x478.png\" class=\"image wp-image-8231  attachment-medium size-medium\" alt=\"\" style=\"max-width: 100%; height: auto;\" srcset=\"https:\/\/catunescoforum.upv.es\/wp-content\/uploads\/2023\/05\/Cursos-ca\u0301tedra-02-850x478.png 850w, https:\/\/catunescoforum.upv.es\/wp-content\/uploads\/2023\/05\/Cursos-ca\u0301tedra-02-1200x675.png 1200w, https:\/\/catunescoforum.upv.es\/wp-content\/uploads\/2023\/05\/Cursos-ca\u0301tedra-02-250x141.png 250w, https:\/\/catunescoforum.upv.es\/wp-content\/uploads\/2023\/05\/Cursos-ca\u0301tedra-02-768x432.png 768w, https:\/\/catunescoforum.upv.es\/wp-content\/uploads\/2023\/05\/Cursos-ca\u0301tedra-02-1536x864.png 1536w, https:\/\/catunescoforum.upv.es\/wp-content\/uploads\/2023\/05\/Cursos-ca\u0301tedra-02.png 1921w\" sizes=\"auto, (max-width: 850px) 100vw, 850px\" \/><\/div><div id=\"panel-24-1-1-1\" class=\"so-panel widget widget_text panel-last-child\" data-index=\"2\" ><h3 class=\"widget-title\">CURSOS C\u00c1TEDRA UNESCO FORUM UNIVERSIDAD Y PATRIMONIO CULTURAL<\/h3>\t\t\t<div class=\"textwidget\"><p><a href=\"https:\/\/catunescoforum.upv.es\/cursos\/\">+Info<\/a><\/p>\n<\/div>\n\t\t<\/div><\/div><div id=\"pgc-24-1-2\"  class=\"panel-grid-cell\" ><div id=\"panel-24-1-2-0\" class=\"so-panel widget widget_media_image panel-first-child\" data-index=\"3\" ><img loading=\"lazy\" decoding=\"async\" width=\"850\" height=\"478\" src=\"https:\/\/catunescoforum.upv.es\/wp-content\/uploads\/2023\/05\/CAT_rec_portadas-60-Min-con-02-850x478.png\" class=\"image wp-image-8227  attachment-medium size-medium\" alt=\"\" style=\"max-width: 100%; height: auto;\" srcset=\"https:\/\/catunescoforum.upv.es\/wp-content\/uploads\/2023\/05\/CAT_rec_portadas-60-Min-con-02-850x478.png 850w, https:\/\/catunescoforum.upv.es\/wp-content\/uploads\/2023\/05\/CAT_rec_portadas-60-Min-con-02-1200x675.png 1200w, https:\/\/catunescoforum.upv.es\/wp-content\/uploads\/2023\/05\/CAT_rec_portadas-60-Min-con-02-250x141.png 250w, https:\/\/catunescoforum.upv.es\/wp-content\/uploads\/2023\/05\/CAT_rec_portadas-60-Min-con-02-768x432.png 768w, https:\/\/catunescoforum.upv.es\/wp-content\/uploads\/2023\/05\/CAT_rec_portadas-60-Min-con-02-1536x864.png 1536w, https:\/\/catunescoforum.upv.es\/wp-content\/uploads\/2023\/05\/CAT_rec_portadas-60-Min-con-02.png 1921w\" sizes=\"auto, (max-width: 850px) 100vw, 850px\" \/><\/div><div id=\"panel-24-1-2-1\" class=\"so-panel widget widget_text panel-last-child\" data-index=\"4\" ><h3 class=\"widget-title\">CICLO DE CHARLAS &#8220;60 MINUTOS CON&#8230;&#8221;<\/h3>\t\t\t<div class=\"textwidget\"><p><a href=\"https:\/\/catunescoforum.upv.es\/ciclo-de-charlas-60-minutos-con\/\">+Info<\/a><\/p>\n<\/div>\n\t\t<\/div><\/div><div id=\"pgc-24-1-3\"  class=\"panel-grid-cell\" ><div id=\"panel-24-1-3-0\" class=\"so-panel widget widget_media_image panel-first-child\" data-index=\"5\" ><img loading=\"lazy\" decoding=\"async\" width=\"850\" height=\"478\" src=\"https:\/\/catunescoforum.upv.es\/wp-content\/uploads\/2023\/05\/conferencias-ca\u0301tedra-02-850x478.png\" class=\"image wp-image-8239  attachment-medium size-medium\" alt=\"\" style=\"max-width: 100%; height: auto;\" srcset=\"https:\/\/catunescoforum.upv.es\/wp-content\/uploads\/2023\/05\/conferencias-ca\u0301tedra-02-850x478.png 850w, https:\/\/catunescoforum.upv.es\/wp-content\/uploads\/2023\/05\/conferencias-ca\u0301tedra-02-1200x675.png 1200w, https:\/\/catunescoforum.upv.es\/wp-content\/uploads\/2023\/05\/conferencias-ca\u0301tedra-02-250x141.png 250w, https:\/\/catunescoforum.upv.es\/wp-content\/uploads\/2023\/05\/conferencias-ca\u0301tedra-02-768x432.png 768w, https:\/\/catunescoforum.upv.es\/wp-content\/uploads\/2023\/05\/conferencias-ca\u0301tedra-02-1536x864.png 1536w, https:\/\/catunescoforum.upv.es\/wp-content\/uploads\/2023\/05\/conferencias-ca\u0301tedra-02.png 1921w\" sizes=\"auto, (max-width: 850px) 100vw, 850px\" \/><\/div><div id=\"panel-24-1-3-1\" class=\"so-panel widget widget_text panel-last-child\" data-index=\"6\" ><h3 class=\"widget-title\">CONGRESOS, DEBATES, MESAS REDONDAS Y CONFERENCIAS<\/h3>\t\t\t<div class=\"textwidget\"><p><a href=\"https:\/\/catunescoforum.upv.es\/congresos-y-conferencias\/\">+INFO<\/a><\/p>\n<\/div>\n\t\t<\/div><\/div><\/div><\/div><\/div>","protected":false},"excerpt":{"rendered":"<p>La C\u00e1tedra UNESCO Forum Universidad y Patrimonio Cultural organiza actividades peri\u00f3dicamente cuyo objetivo esencial es el de la conservaci\u00f3n, recuperaci\u00f3n y divulgaci\u00f3n de nuestro Patrimonio Cultural material e inmaterial. \u00a1\u00a1\u00a1Os<\/p>\n<p class=\"more-link\"><a href=\"https:\/\/catunescoforum.upv.es\/?page_id=24\" class=\"themebutton2\">Read More<\/a><\/p>\n","protected":false},"author":11561,"featured_media":0,"parent":0,"menu_order":0,"comment_status":"closed","ping_status":"closed","template":"","meta":{"_monsterinsights_skip_tracking":false,"_monsterinsights_sitenote_active":false,"_monsterinsights_sitenote_note":"","_monsterinsights_sitenote_category":0,"footnotes":""},"class_list":["post-24","page","type-page","status-publish","hentry"],"yoast_head":"<!-- This site is optimized with the Yoast SEO plugin v27.4 - https:\/\/yoast.com\/product\/yoast-seo-wordpress\/ -->\n<title>Actividades - C\u00e1tedra UNESCO Forum Universidad y Patrimonio Cultural<\/title>\n<meta name=\"robots\" content=\"index, follow, max-snippet:-1, max-image-preview:large, max-video-preview:-1\" \/>\n<link rel=\"canonical\" href=\"https:\/\/catunescoforum.upv.es\/?page_id=24\" \/>\n<meta property=\"og:locale\" content=\"es_ES\" \/>\n<meta property=\"og:type\" content=\"article\" \/>\n<meta property=\"og:title\" content=\"[:es]Actividades[:en]Activities[:] - C\u00e1tedra UNESCO Forum Universidad y Patrimonio Cultural\" \/>\n<meta property=\"og:description\" content=\"La C\u00e1tedra UNESCO Forum Universidad y Patrimonio Cultural organiza actividades peri\u00f3dicamente cuyo objetivo esencial es el de la conservaci\u00f3n, recuperaci\u00f3n y divulgaci\u00f3n de nuestro Patrimonio Cultural material e inmaterial. \u00a1\u00a1\u00a1OsRead More\" \/>\n<meta property=\"og:url\" content=\"https:\/\/catunescoforum.upv.es\/?page_id=24\" \/>\n<meta property=\"og:site_name\" content=\"C\u00e1tedra UNESCO Forum Universidad y Patrimonio Cultural\" \/>\n<meta property=\"article:modified_time\" content=\"2024-11-19T08:52:25+00:00\" \/>\n<meta name=\"twitter:card\" content=\"summary_large_image\" \/>\n<meta name=\"twitter:label1\" content=\"Tiempo de lectura\" \/>\n\t<meta name=\"twitter:data1\" content=\"1 minuto\" \/>\n<script type=\"application\/ld+json\" class=\"yoast-schema-graph\">{\"@context\":\"https:\\\/\\\/schema.org\",\"@graph\":[{\"@type\":\"WebPage\",\"@id\":\"https:\\\/\\\/catunescoforum.upv.es\\\/?page_id=24\",\"url\":\"https:\\\/\\\/catunescoforum.upv.es\\\/?page_id=24\",\"name\":\"[:es]Actividades[:en]Activities[:] - C\u00e1tedra UNESCO Forum Universidad y Patrimonio Cultural\",\"isPartOf\":{\"@id\":\"https:\\\/\\\/catunescoforum.upv.es\\\/#website\"},\"datePublished\":\"2018-10-08T07:35:03+00:00\",\"dateModified\":\"2024-11-19T08:52:25+00:00\",\"breadcrumb\":{\"@id\":\"https:\\\/\\\/catunescoforum.upv.es\\\/?page_id=24#breadcrumb\"},\"inLanguage\":\"es\",\"potentialAction\":[{\"@type\":\"ReadAction\",\"target\":[\"https:\\\/\\\/catunescoforum.upv.es\\\/?page_id=24\"]}]},{\"@type\":\"BreadcrumbList\",\"@id\":\"https:\\\/\\\/catunescoforum.upv.es\\\/?page_id=24#breadcrumb\",\"itemListElement\":[{\"@type\":\"ListItem\",\"position\":1,\"name\":\"Home\",\"item\":\"https:\\\/\\\/catunescoforum.upv.es\\\/\"},{\"@type\":\"ListItem\",\"position\":2,\"name\":\"Actividades\"}]},{\"@type\":\"WebSite\",\"@id\":\"https:\\\/\\\/catunescoforum.upv.es\\\/#website\",\"url\":\"https:\\\/\\\/catunescoforum.upv.es\\\/\",\"name\":\"C\u00e1tedra UNESCO Forum Universidad y Patrimonio Cultural\",\"description\":\"Una red universitaria internacional al cuidado del Patrimonio Cultural\",\"publisher\":{\"@id\":\"https:\\\/\\\/catunescoforum.upv.es\\\/#organization\"},\"potentialAction\":[{\"@type\":\"SearchAction\",\"target\":{\"@type\":\"EntryPoint\",\"urlTemplate\":\"https:\\\/\\\/catunescoforum.upv.es\\\/?s={search_term_string}\"},\"query-input\":{\"@type\":\"PropertyValueSpecification\",\"valueRequired\":true,\"valueName\":\"search_term_string\"}}],\"inLanguage\":\"es\"},{\"@type\":\"Organization\",\"@id\":\"https:\\\/\\\/catunescoforum.upv.es\\\/#organization\",\"name\":\"C\u00e1tedra UNESCO Forum Universidad y Patrimonio Cultura\",\"url\":\"https:\\\/\\\/catunescoforum.upv.es\\\/\",\"logo\":{\"@type\":\"ImageObject\",\"inLanguage\":\"es\",\"@id\":\"https:\\\/\\\/catunescoforum.upv.es\\\/#\\\/schema\\\/logo\\\/image\\\/\",\"url\":\"https:\\\/\\\/catunescoforum.upv.es\\\/wp-content\\\/uploads\\\/2025\\\/07\\\/cropped-Logo_catedra_2025_julio-scaled-1.png\",\"contentUrl\":\"https:\\\/\\\/catunescoforum.upv.es\\\/wp-content\\\/uploads\\\/2025\\\/07\\\/cropped-Logo_catedra_2025_julio-scaled-1.png\",\"width\":2560,\"height\":329,\"caption\":\"C\u00e1tedra UNESCO Forum Universidad y Patrimonio Cultura\"},\"image\":{\"@id\":\"https:\\\/\\\/catunescoforum.upv.es\\\/#\\\/schema\\\/logo\\\/image\\\/\"}}]}<\/script>\n<!-- \/ Yoast SEO plugin. -->","yoast_head_json":{"title":"[:es]Actividades[:en]Activities[:] - C\u00e1tedra UNESCO Forum Universidad y Patrimonio Cultural","robots":{"index":"index","follow":"follow","max-snippet":"max-snippet:-1","max-image-preview":"max-image-preview:large","max-video-preview":"max-video-preview:-1"},"canonical":"https:\/\/catunescoforum.upv.es\/?page_id=24","og_locale":"es_ES","og_type":"article","og_title":"[:es]Actividades[:en]Activities[:] - C\u00e1tedra UNESCO Forum Universidad y Patrimonio Cultural","og_description":"La C\u00e1tedra UNESCO Forum Universidad y Patrimonio Cultural organiza actividades peri\u00f3dicamente cuyo objetivo esencial es el de la conservaci\u00f3n, recuperaci\u00f3n y divulgaci\u00f3n de nuestro Patrimonio Cultural material e inmaterial. \u00a1\u00a1\u00a1OsRead More","og_url":"https:\/\/catunescoforum.upv.es\/?page_id=24","og_site_name":"C\u00e1tedra UNESCO Forum Universidad y Patrimonio Cultural","article_modified_time":"2024-11-19T08:52:25+00:00","twitter_card":"summary_large_image","twitter_misc":{"Tiempo de lectura":"1 minuto"},"schema":{"@context":"https:\/\/schema.org","@graph":[{"@type":"WebPage","@id":"https:\/\/catunescoforum.upv.es\/?page_id=24","url":"https:\/\/catunescoforum.upv.es\/?page_id=24","name":"[:es]Actividades[:en]Activities[:] - C\u00e1tedra UNESCO Forum Universidad y Patrimonio Cultural","isPartOf":{"@id":"https:\/\/catunescoforum.upv.es\/#website"},"datePublished":"2018-10-08T07:35:03+00:00","dateModified":"2024-11-19T08:52:25+00:00","breadcrumb":{"@id":"https:\/\/catunescoforum.upv.es\/?page_id=24#breadcrumb"},"inLanguage":"es","potentialAction":[{"@type":"ReadAction","target":["https:\/\/catunescoforum.upv.es\/?page_id=24"]}]},{"@type":"BreadcrumbList","@id":"https:\/\/catunescoforum.upv.es\/?page_id=24#breadcrumb","itemListElement":[{"@type":"ListItem","position":1,"name":"Home","item":"https:\/\/catunescoforum.upv.es\/"},{"@type":"ListItem","position":2,"name":"Actividades"}]},{"@type":"WebSite","@id":"https:\/\/catunescoforum.upv.es\/#website","url":"https:\/\/catunescoforum.upv.es\/","name":"C\u00e1tedra UNESCO Forum Universidad y Patrimonio Cultural","description":"Una red universitaria internacional al cuidado del Patrimonio Cultural","publisher":{"@id":"https:\/\/catunescoforum.upv.es\/#organization"},"potentialAction":[{"@type":"SearchAction","target":{"@type":"EntryPoint","urlTemplate":"https:\/\/catunescoforum.upv.es\/?s={search_term_string}"},"query-input":{"@type":"PropertyValueSpecification","valueRequired":true,"valueName":"search_term_string"}}],"inLanguage":"es"},{"@type":"Organization","@id":"https:\/\/catunescoforum.upv.es\/#organization","name":"C\u00e1tedra UNESCO Forum Universidad y Patrimonio Cultura","url":"https:\/\/catunescoforum.upv.es\/","logo":{"@type":"ImageObject","inLanguage":"es","@id":"https:\/\/catunescoforum.upv.es\/#\/schema\/logo\/image\/","url":"https:\/\/catunescoforum.upv.es\/wp-content\/uploads\/2025\/07\/cropped-Logo_catedra_2025_julio-scaled-1.png","contentUrl":"https:\/\/catunescoforum.upv.es\/wp-content\/uploads\/2025\/07\/cropped-Logo_catedra_2025_julio-scaled-1.png","width":2560,"height":329,"caption":"C\u00e1tedra UNESCO Forum Universidad y Patrimonio Cultura"},"image":{"@id":"https:\/\/catunescoforum.upv.es\/#\/schema\/logo\/image\/"}}]}},"_links":{"self":[{"href":"https:\/\/catunescoforum.upv.es\/index.php?rest_route=\/wp\/v2\/pages\/24","targetHints":{"allow":["GET"]}}],"collection":[{"href":"https:\/\/catunescoforum.upv.es\/index.php?rest_route=\/wp\/v2\/pages"}],"about":[{"href":"https:\/\/catunescoforum.upv.es\/index.php?rest_route=\/wp\/v2\/types\/page"}],"author":[{"embeddable":true,"href":"https:\/\/catunescoforum.upv.es\/index.php?rest_route=\/wp\/v2\/users\/11561"}],"replies":[{"embeddable":true,"href":"https:\/\/catunescoforum.upv.es\/index.php?rest_route=%2Fwp%2Fv2%2Fcomments&post=24"}],"version-history":[{"count":2,"href":"https:\/\/catunescoforum.upv.es\/index.php?rest_route=\/wp\/v2\/pages\/24\/revisions"}],"predecessor-version":[{"id":9304,"href":"https:\/\/catunescoforum.upv.es\/index.php?rest_route=\/wp\/v2\/pages\/24\/revisions\/9304"}],"wp:attachment":[{"href":"https:\/\/catunescoforum.upv.es\/index.php?rest_route=%2Fwp%2Fv2%2Fmedia&parent=24"}],"curies":[{"name":"wp","href":"https:\/\/api.w.org\/{rel}","templated":true}]}}