{"id":6038,"date":"2021-10-25T10:38:18","date_gmt":"2021-10-25T10:38:18","guid":{"rendered":"https:\/\/catunescoforum.upv.es\/?page_id=6038"},"modified":"2022-12-15T13:02:17","modified_gmt":"2022-12-15T13:02:17","slug":"fernando-bolivar-galiano","status":"publish","type":"page","link":"https:\/\/catunescoforum.upv.es\/?page_id=6038","title":{"rendered":"Fernando Bol\u00edvar Galiano"},"content":{"rendered":"<div id=\"pl-6038\"  class=\"panel-layout\" ><div id=\"pg-6038-0\"  class=\"panel-grid panel-has-style\" ><div class=\"panel-row-style panel-row-style-for-6038-0\" ><div id=\"pgc-6038-0-0\"  class=\"panel-grid-cell panel-grid-cell-empty\" ><\/div><div id=\"pgc-6038-0-1\"  class=\"panel-grid-cell\" ><div id=\"panel-6038-0-1-0\" class=\"so-panel widget widget_media_image panel-first-child panel-last-child\" data-index=\"0\" ><img loading=\"lazy\" decoding=\"async\" width=\"401\" height=\"352\" src=\"https:\/\/catunescoforum.upv.es\/wp-content\/uploads\/2021\/11\/Fernando_Bolivar_Galiano-e1636388135780-768x675.jpg\" class=\"image wp-image-6108  attachment-401x352 size-401x352\" alt=\"\" style=\"max-width: 100%; height: auto;\" srcset=\"https:\/\/catunescoforum.upv.es\/wp-content\/uploads\/2021\/11\/Fernando_Bolivar_Galiano-e1636388135780-768x675.jpg 768w, https:\/\/catunescoforum.upv.es\/wp-content\/uploads\/2021\/11\/Fernando_Bolivar_Galiano-e1636388135780.jpg 850w\" sizes=\"auto, (max-width: 401px) 100vw, 401px\" \/><\/div><\/div><\/div><\/div><div id=\"pg-6038-1\"  class=\"panel-grid panel-has-style\" ><div class=\"panel-row-style panel-row-style-for-6038-1\" ><div id=\"pgc-6038-1-0\"  class=\"panel-grid-cell panel-grid-cell-empty\" ><\/div><div id=\"pgc-6038-1-1\"  class=\"panel-grid-cell\" ><div id=\"panel-6038-1-1-0\" class=\"so-panel widget widget_text panel-first-child panel-last-child\" data-index=\"1\" >\t\t\t<div class=\"textwidget\"><p><strong>Fernando Bol\u00edvar Galiano<\/strong> Catedr\u00e1tico de la Universidad de Granada en Grados de BBAA (Pintura y Representaci\u00f3n del Entorno Natural) y en Grado de Restauraci\u00f3n (Factores de Biodeterioro). Bi\u00f3logo. Doctor con una tesis sobre bot\u00e1nica criptog\u00e1mica de los Palacios Reales de la Alhambra.<\/p>\n<p>&#8211; Estuvo becado para colaborar en el ICR la influencia de las especies bot\u00e1nicas en la ciudad de Roma: Coliseo, T\u00edber, Palatino, Muro torto, Fontana di Trevi.<\/p>\n<p>&#8211; Director de los proyectos de intervenci\u00f3n bot\u00e1nica en el Jard\u00edn del Marqu\u00e9s de la Vega-Incl\u00e1n Del Real Alc\u00e1zar de Sevilla.<\/p>\n<p>&#8211; Responsable del proyecto de tratamiento bot\u00e1nico en el Jard\u00edn Hist\u00f3rico de la Concepcion de M\u00e1laga.<\/p>\n<p>&#8211; Director del proyecto: \u201cLos Parques Naturales a trav\u00e9s del Arte\u201d bajo un convenio entre la Conserjer\u00eda de Medio Ambiente y la Universidad de Granada.<\/p>\n<p>&#8211; Responsable del Grupo de Investigaci\u00f3n de la Junta: HUM:1031 Ligalismo Artes y Ciencias.<\/p>\n<p>&#8211; Director de los Laboratorios \u201cBIO-ALHAMBRA\u201d y \u201cFELIX-BIOLITHIC\u201d,\u00a0 situados en el Edif. I+D Josefina Castro de la UGR.<\/p>\n<p>&#8211; Presidente de la Fundaci\u00f3n Estatal Ligalismo.<\/p>\n<p><strong>Investigaci\u00f3n<\/strong>. Ha dirigido una decena de tesis doctorales y m\u00e1s de una decena de proyectos I+D del Plan Nacional de Investigacion. En el \u00faltimo proyecto concedido, ha sido valorado con 98 puntos sobre 100 por la agencia evaluadora del actual Plan Andaluz con fondos europeos FEDER. Ha creado el grupo de investigacion de la Junta de Andaluc\u00eda: \u201cLigalismo, Artes y Ciencias\u201d, conformando equipos multidisciplinares para sus diversos proyectos. Es IP garante en la creaci\u00f3n de la Unidad de Excelencia \u201cCiencia en la Alhambra\u201d y ha desarrollado recientemente dos proyectos en la prestigiosa Instituci\u00f3n smithsoniana que rige los museos nacionales de Estados Unidos. Los proyectos financiados mas destacados son: FICOARTE, para la obtenci\u00f3n de nuevos pigmentos y aglutinantes, y VIRARTE para el control de las microalgas que deterioran las fuentes de la Alhambra.<\/p>\n<p><strong>Iniciativas<\/strong>. Presidente-fundador de la Fundacion Estatal Ligalismo, en cuya sede se encuentra el \u201cMuseo del Ligalismo\u201d, que recoge de manera organizada obras de distintos autores realizadas con estilo ligalista (combinando disciplinas). Anteriormente lider\u00f3 numerosos proyectos educativos con el Parque de las Ciencias, con la Delegacion de Medio Ambiente, la Curia Arzobispal de Granada y con distintos ayuntamientos y diputaciones.<\/p>\n<p><strong>La exposici\u00f3n<\/strong>: \u201cEl extra\u00f1o Gabinete del Prof. Bol\u00edvar-Galiano\u201d que naci\u00f3 de su particular combinaci\u00f3n de ciencia y arte, le ha permitido recuperar el uso de los Gabinetes como museos, que ha posibilitado la creaci\u00f3n de un nuevo concepto de espacio muse\u00edstico que tuvo una gran repercusi\u00f3n medi\u00e1tica, apareciendo en numerosos peri\u00f3dicos, radio y TV.<\/p>\n<p>A continuaci\u00f3n crea el \u201cMuseo-Gabinete Ferboligali\u201d, un espacio donde la ciencia y el arte se a\u00fanan en un local del centro de\u00a0Granada. La naturaleza, la belleza y la ciencia cohabitan un espacio que posibilita diferentes actividades culturales. Est\u00e1 dividido en varias secciones: los inspiradores, la Alhambra ligalista, rincones teocr\u00e1ticos, legado familiar, gabinete musical, ba\u00f1o oceanogr\u00e1fico, jacuzzi selv\u00e1tico, gabinete de historia natural, aulas, biblioteca, archivo, etc.<\/p>\n<p><strong>Pintor<\/strong>. A trav\u00e9s del pseud\u00f3nimo \u201cFerboligali\u201d desarrolla una copiosa actividad como artista visual con un estilo propio derivado de su formaci\u00f3n, imaginaci\u00f3n y experiencia vital. Sus creaciones pict\u00f3ricas se enriquecen recurriendo a todo tipo de tendencias y lenguajes, como la instalaci\u00f3n, el ready-made, la ilustraci\u00f3n, la performance y la fotograf\u00eda. En 1989 realiz\u00f3 su primera exposici\u00f3n y desde ese momento participa y organiza numerosas muestras individuales y colectivas multidisciplinares que han repercutido en los medios de comunicaci\u00f3n, locales e internacionales<\/p>\n<p><strong>Estilo<\/strong>. Sus obras m\u00e1s conocidas se basan en el conocimiento cient\u00edfico, pict\u00f3rico y musical; como el uso de algas vivas, desarrollando pintura algal a partir de microalgas molidas y aglutinadas con pol\u00edmeros propios o sint\u00e9ticos, y por otro lado cuadros vivos mediante el cultivo de microalgas entre cristales. Los &#8216;cuadros vivos\u2019 son obras pict\u00f3ricas consistentes en algas aisladas y enmarcadas entre dos cristales, algunos con peque\u00f1as aberturas que permiten el paso del aire, que van evolucionando en su composici\u00f3n y color.<\/p>\n<p>Tambi\u00e9n cuenta con singulares obras creadas espec\u00edficamente para ser visualizadas con gafas 3D, as\u00ed como ajedreces de autor, instalaciones que han llegado a los 5 continentes, as\u00ed como las performances musico-pict\u00f3ricas (drum-painting, cajon-painting, darbuka painting, etc.).<\/p>\n<p>Sus obras han estado o se encuentran en varios museos, entre ellos, el de la Smithsonian de Washington DC, el Aquarium de Cura\u00e7ao, la George Mason University, la Biblioteca de Arlington, el Centro cultural de Montreal, la Temple University de Philadelphia, etc\u2026<\/p>\n<p>De las exposiciones pict\u00f3ricas que ha realizado destacan:<\/p>\n<p>&#8211; \u201cLigalismo Art &amp; Science crossroads\u201d 2017. Embajada espa\u00f1ola en EE.UU.<\/p>\n<p>&#8211; \u201cLigalismo Artists &amp; Scientists infusion\u201d con el Vertebrate Zoology Department en el Smithsonian National Museum of Natural History, National Mall en Washington DC,\u00a0 2018<\/p>\n<p>&#8211; \u201cArt exhibit 3D paintings. Carole Baldwin DROP project\u201d Dolphin Academy at Sea Aquarium Park. Cura\u00e7ao, 2018.<\/p>\n<p>&#8211; \u201cLigalismo de los Elementos\u201d en la Escuela de Arte y Comunicaci\u00f3n Visual de la Universidad Nacional de Costa Rica, 2016<\/p>\n<p>&#8211; \u201cLigalismo: M\u00fasica-Ciencia-Arte Visual\u201d. Conservatorio Profesional de M\u00fasica \u201cAngel Barrios\u201d de Granada 2017<\/p>\n<p>\u200b- &#8220;Po\u00e9ticas del color y del l\u00edmite&#8221;. Exposici\u00f3n dedicada a\u00a0Jos\u00e9 Guerrero\u00a0en su centenario.\u00a0Palacio de la Madraza. Universidad de Granada. 2014.<\/p>\n<p>-&#8220;Arte y Ciencia: El extra\u00f1o Gabinete del Profesor Bolivar Galiano&#8221;. Sal\u00f3n de Exposiciones de la Facultad de Ciencias. UGR. 2014.<\/p>\n<p>fernando Bolivar UGR <a href=\"mailto:fbolivar@ugr.es\" target=\"_blank\" rel=\"noopener\">fbolivar@ugr.es<\/a><\/p>\n<\/div>\n\t\t<\/div><\/div><\/div><\/div><\/div>","protected":false},"excerpt":{"rendered":"<p>Fernando Bol\u00edvar Galiano Catedr\u00e1tico de la Universidad de Granada en Grados de BBAA (Pintura y Representaci\u00f3n del Entorno Natural) y en Grado de Restauraci\u00f3n (Factores de Biodeterioro). Bi\u00f3logo. Doctor con<\/p>\n<p class=\"more-link\"><a href=\"https:\/\/catunescoforum.upv.es\/?page_id=6038\" class=\"themebutton2\">Read More<\/a><\/p>\n","protected":false},"author":11424,"featured_media":0,"parent":879,"menu_order":0,"comment_status":"closed","ping_status":"closed","template":"","meta":{"_monsterinsights_skip_tracking":false,"_monsterinsights_sitenote_active":false,"_monsterinsights_sitenote_note":"","_monsterinsights_sitenote_category":0,"footnotes":""},"class_list":["post-6038","page","type-page","status-publish","hentry"],"yoast_head":"<!-- This site is optimized with the Yoast SEO plugin v27.3 - https:\/\/yoast.com\/product\/yoast-seo-wordpress\/ -->\n<title>Fernando Bol\u00edvar Galiano - C\u00e1tedra UNESCO Forum Universidad y Patrimonio Cultural<\/title>\n<meta name=\"robots\" content=\"index, follow, max-snippet:-1, max-image-preview:large, max-video-preview:-1\" \/>\n<link rel=\"canonical\" href=\"https:\/\/catunescoforum.upv.es\/?page_id=6038\" \/>\n<meta property=\"og:locale\" content=\"es_ES\" \/>\n<meta property=\"og:type\" content=\"article\" \/>\n<meta property=\"og:title\" content=\"Fernando Bol\u00edvar Galiano - C\u00e1tedra UNESCO Forum Universidad y Patrimonio Cultural\" \/>\n<meta property=\"og:description\" content=\"Fernando Bol\u00edvar Galiano Catedr\u00e1tico de la Universidad de Granada en Grados de BBAA (Pintura y Representaci\u00f3n del Entorno Natural) y en Grado de Restauraci\u00f3n (Factores de Biodeterioro). Bi\u00f3logo. Doctor conRead More\" \/>\n<meta property=\"og:url\" content=\"https:\/\/catunescoforum.upv.es\/?page_id=6038\" \/>\n<meta property=\"og:site_name\" content=\"C\u00e1tedra UNESCO Forum Universidad y Patrimonio Cultural\" \/>\n<meta property=\"article:modified_time\" content=\"2022-12-15T13:02:17+00:00\" \/>\n<meta name=\"twitter:card\" content=\"summary_large_image\" \/>\n<meta name=\"twitter:label1\" content=\"Tiempo de lectura\" \/>\n\t<meta name=\"twitter:data1\" content=\"5 minutos\" \/>\n<script type=\"application\/ld+json\" class=\"yoast-schema-graph\">{\"@context\":\"https:\\\/\\\/schema.org\",\"@graph\":[{\"@type\":\"WebPage\",\"@id\":\"https:\\\/\\\/catunescoforum.upv.es\\\/?page_id=6038\",\"url\":\"https:\\\/\\\/catunescoforum.upv.es\\\/?page_id=6038\",\"name\":\"Fernando Bol\u00edvar Galiano - C\u00e1tedra UNESCO Forum Universidad y Patrimonio Cultural\",\"isPartOf\":{\"@id\":\"https:\\\/\\\/catunescoforum.upv.es\\\/#website\"},\"datePublished\":\"2021-10-25T10:38:18+00:00\",\"dateModified\":\"2022-12-15T13:02:17+00:00\",\"breadcrumb\":{\"@id\":\"https:\\\/\\\/catunescoforum.upv.es\\\/?page_id=6038#breadcrumb\"},\"inLanguage\":\"es\",\"potentialAction\":[{\"@type\":\"ReadAction\",\"target\":[\"https:\\\/\\\/catunescoforum.upv.es\\\/?page_id=6038\"]}]},{\"@type\":\"BreadcrumbList\",\"@id\":\"https:\\\/\\\/catunescoforum.upv.es\\\/?page_id=6038#breadcrumb\",\"itemListElement\":[{\"@type\":\"ListItem\",\"position\":1,\"name\":\"Home\",\"item\":\"https:\\\/\\\/catunescoforum.upv.es\\\/\"},{\"@type\":\"ListItem\",\"position\":2,\"name\":\"SOBRE NOSOTROS\",\"item\":\"https:\\\/\\\/catunescoforum.upv.es\\\/?page_id=134\"},{\"@type\":\"ListItem\",\"position\":3,\"name\":\"EQUIPO 2024\",\"item\":\"https:\\\/\\\/catunescoforum.upv.es\\\/?page_id=879\"},{\"@type\":\"ListItem\",\"position\":4,\"name\":\"Fernando Bol\u00edvar Galiano\"}]},{\"@type\":\"WebSite\",\"@id\":\"https:\\\/\\\/catunescoforum.upv.es\\\/#website\",\"url\":\"https:\\\/\\\/catunescoforum.upv.es\\\/\",\"name\":\"C\u00e1tedra UNESCO Forum Universidad y Patrimonio Cultural\",\"description\":\"Una red universitaria internacional al cuidado del Patrimonio Cultural\",\"publisher\":{\"@id\":\"https:\\\/\\\/catunescoforum.upv.es\\\/#organization\"},\"potentialAction\":[{\"@type\":\"SearchAction\",\"target\":{\"@type\":\"EntryPoint\",\"urlTemplate\":\"https:\\\/\\\/catunescoforum.upv.es\\\/?s={search_term_string}\"},\"query-input\":{\"@type\":\"PropertyValueSpecification\",\"valueRequired\":true,\"valueName\":\"search_term_string\"}}],\"inLanguage\":\"es\"},{\"@type\":\"Organization\",\"@id\":\"https:\\\/\\\/catunescoforum.upv.es\\\/#organization\",\"name\":\"C\u00e1tedra UNESCO Forum Universidad y Patrimonio Cultura\",\"url\":\"https:\\\/\\\/catunescoforum.upv.es\\\/\",\"logo\":{\"@type\":\"ImageObject\",\"inLanguage\":\"es\",\"@id\":\"https:\\\/\\\/catunescoforum.upv.es\\\/#\\\/schema\\\/logo\\\/image\\\/\",\"url\":\"https:\\\/\\\/catunescoforum.upv.es\\\/wp-content\\\/uploads\\\/2025\\\/07\\\/cropped-Logo_catedra_2025_julio-scaled-1.png\",\"contentUrl\":\"https:\\\/\\\/catunescoforum.upv.es\\\/wp-content\\\/uploads\\\/2025\\\/07\\\/cropped-Logo_catedra_2025_julio-scaled-1.png\",\"width\":2560,\"height\":329,\"caption\":\"C\u00e1tedra UNESCO Forum Universidad y Patrimonio Cultura\"},\"image\":{\"@id\":\"https:\\\/\\\/catunescoforum.upv.es\\\/#\\\/schema\\\/logo\\\/image\\\/\"}}]}<\/script>\n<!-- \/ Yoast SEO plugin. -->","yoast_head_json":{"title":"Fernando Bol\u00edvar Galiano - C\u00e1tedra UNESCO Forum Universidad y Patrimonio Cultural","robots":{"index":"index","follow":"follow","max-snippet":"max-snippet:-1","max-image-preview":"max-image-preview:large","max-video-preview":"max-video-preview:-1"},"canonical":"https:\/\/catunescoforum.upv.es\/?page_id=6038","og_locale":"es_ES","og_type":"article","og_title":"Fernando Bol\u00edvar Galiano - C\u00e1tedra UNESCO Forum Universidad y Patrimonio Cultural","og_description":"Fernando Bol\u00edvar Galiano Catedr\u00e1tico de la Universidad de Granada en Grados de BBAA (Pintura y Representaci\u00f3n del Entorno Natural) y en Grado de Restauraci\u00f3n (Factores de Biodeterioro). Bi\u00f3logo. Doctor conRead More","og_url":"https:\/\/catunescoforum.upv.es\/?page_id=6038","og_site_name":"C\u00e1tedra UNESCO Forum Universidad y Patrimonio Cultural","article_modified_time":"2022-12-15T13:02:17+00:00","twitter_card":"summary_large_image","twitter_misc":{"Tiempo de lectura":"5 minutos"},"schema":{"@context":"https:\/\/schema.org","@graph":[{"@type":"WebPage","@id":"https:\/\/catunescoforum.upv.es\/?page_id=6038","url":"https:\/\/catunescoforum.upv.es\/?page_id=6038","name":"Fernando Bol\u00edvar Galiano - C\u00e1tedra UNESCO Forum Universidad y Patrimonio Cultural","isPartOf":{"@id":"https:\/\/catunescoforum.upv.es\/#website"},"datePublished":"2021-10-25T10:38:18+00:00","dateModified":"2022-12-15T13:02:17+00:00","breadcrumb":{"@id":"https:\/\/catunescoforum.upv.es\/?page_id=6038#breadcrumb"},"inLanguage":"es","potentialAction":[{"@type":"ReadAction","target":["https:\/\/catunescoforum.upv.es\/?page_id=6038"]}]},{"@type":"BreadcrumbList","@id":"https:\/\/catunescoforum.upv.es\/?page_id=6038#breadcrumb","itemListElement":[{"@type":"ListItem","position":1,"name":"Home","item":"https:\/\/catunescoforum.upv.es\/"},{"@type":"ListItem","position":2,"name":"SOBRE NOSOTROS","item":"https:\/\/catunescoforum.upv.es\/?page_id=134"},{"@type":"ListItem","position":3,"name":"EQUIPO 2024","item":"https:\/\/catunescoforum.upv.es\/?page_id=879"},{"@type":"ListItem","position":4,"name":"Fernando Bol\u00edvar Galiano"}]},{"@type":"WebSite","@id":"https:\/\/catunescoforum.upv.es\/#website","url":"https:\/\/catunescoforum.upv.es\/","name":"C\u00e1tedra UNESCO Forum Universidad y Patrimonio Cultural","description":"Una red universitaria internacional al cuidado del Patrimonio Cultural","publisher":{"@id":"https:\/\/catunescoforum.upv.es\/#organization"},"potentialAction":[{"@type":"SearchAction","target":{"@type":"EntryPoint","urlTemplate":"https:\/\/catunescoforum.upv.es\/?s={search_term_string}"},"query-input":{"@type":"PropertyValueSpecification","valueRequired":true,"valueName":"search_term_string"}}],"inLanguage":"es"},{"@type":"Organization","@id":"https:\/\/catunescoforum.upv.es\/#organization","name":"C\u00e1tedra UNESCO Forum Universidad y Patrimonio Cultura","url":"https:\/\/catunescoforum.upv.es\/","logo":{"@type":"ImageObject","inLanguage":"es","@id":"https:\/\/catunescoforum.upv.es\/#\/schema\/logo\/image\/","url":"https:\/\/catunescoforum.upv.es\/wp-content\/uploads\/2025\/07\/cropped-Logo_catedra_2025_julio-scaled-1.png","contentUrl":"https:\/\/catunescoforum.upv.es\/wp-content\/uploads\/2025\/07\/cropped-Logo_catedra_2025_julio-scaled-1.png","width":2560,"height":329,"caption":"C\u00e1tedra UNESCO Forum Universidad y Patrimonio Cultura"},"image":{"@id":"https:\/\/catunescoforum.upv.es\/#\/schema\/logo\/image\/"}}]}},"_links":{"self":[{"href":"https:\/\/catunescoforum.upv.es\/index.php?rest_route=\/wp\/v2\/pages\/6038","targetHints":{"allow":["GET"]}}],"collection":[{"href":"https:\/\/catunescoforum.upv.es\/index.php?rest_route=\/wp\/v2\/pages"}],"about":[{"href":"https:\/\/catunescoforum.upv.es\/index.php?rest_route=\/wp\/v2\/types\/page"}],"author":[{"embeddable":true,"href":"https:\/\/catunescoforum.upv.es\/index.php?rest_route=\/wp\/v2\/users\/11424"}],"replies":[{"embeddable":true,"href":"https:\/\/catunescoforum.upv.es\/index.php?rest_route=%2Fwp%2Fv2%2Fcomments&post=6038"}],"version-history":[{"count":2,"href":"https:\/\/catunescoforum.upv.es\/index.php?rest_route=\/wp\/v2\/pages\/6038\/revisions"}],"predecessor-version":[{"id":7495,"href":"https:\/\/catunescoforum.upv.es\/index.php?rest_route=\/wp\/v2\/pages\/6038\/revisions\/7495"}],"up":[{"embeddable":true,"href":"https:\/\/catunescoforum.upv.es\/index.php?rest_route=\/wp\/v2\/pages\/879"}],"wp:attachment":[{"href":"https:\/\/catunescoforum.upv.es\/index.php?rest_route=%2Fwp%2Fv2%2Fmedia&parent=6038"}],"curies":[{"name":"wp","href":"https:\/\/api.w.org\/{rel}","templated":true}]}}